{"id":391,"date":"2023-08-30T20:17:36","date_gmt":"2023-08-30T20:17:36","guid":{"rendered":"https:\/\/huatusconoticias.com\/portal\/?page_id=391"},"modified":"2026-05-13T17:34:40","modified_gmt":"2026-05-13T23:34:40","slug":"quienes-somos","status":"publish","type":"page","link":"https:\/\/huatusconoticias.com\/portal\/quienes-somos\/","title":{"rendered":"Qui\u00e9nes somos"},"content":{"rendered":"<div id=\"tdi_1\" class=\"tdc-zone\"><div class=\"tdc_zone tdi_2  wpb_row td-pb-row\"  >\n<style scoped>\n\/* custom css - generated by TagDiv Composer *\/\n\n\/* custom css - generated by TagDiv Composer *\/\n.tdi_2{\r\n                    min-height: 0;\r\n                }\n<\/style><div id=\"tdi_3\" class=\"tdc-row\"><div class=\"vc_row tdi_4  wpb_row td-pb-row\" >\n<style scoped>\n\/* custom css - generated by TagDiv Composer *\/\n\n\/* custom css - generated by TagDiv Composer *\/\n.tdi_4,\r\n                .tdi_4 .tdc-columns{\r\n                    min-height: 0;\r\n                }.tdi_4,\r\n\t\t\t\t.tdi_4 .tdc-columns{\r\n\t\t\t\t    display: block;\r\n\t\t\t\t}.tdi_4 .tdc-columns{\r\n\t\t\t\t    width: 100%;\r\n\t\t\t\t}.tdi_4:before,\r\n\t\t\t\t.tdi_4:after{\r\n\t\t\t\t    display: table;\r\n\t\t\t\t}\n\/* inline tdc_css att - generated by TagDiv Composer *\/\n\n.tdi_4{\nmargin-top:50px !important;\nmargin-bottom:50px !important;\n}\n\n.tdi_4 .td_block_wrap{ text-align:left }\n\n<\/style><div class=\"vc_column tdi_6  wpb_column vc_column_container tdc-column td-pb-span12\">\n<style scoped>\n\/* custom css - generated by TagDiv Composer *\/\n\n\/* custom css - generated by TagDiv Composer *\/\n.tdi_6{\r\n                    vertical-align: baseline;\r\n                }.tdi_6 > .wpb_wrapper,\r\n\t\t\t\t.tdi_6 > .wpb_wrapper > .tdc-elements{\r\n\t\t\t\t    display: block;\r\n\t\t\t\t}.tdi_6 > .wpb_wrapper > .tdc-elements{\r\n\t\t\t\t    width: 100%;\r\n\t\t\t\t}.tdi_6 > .wpb_wrapper > .vc_row_inner{\r\n\t\t\t\t    width: auto;\r\n\t\t\t\t}.tdi_6 > .wpb_wrapper{\r\n\t\t\t\t    width: auto;\r\n\t\t\t\t    height: auto;\r\n\t\t\t\t}\n<\/style><div class=\"wpb_wrapper\" ><div class=\"td_block_wrap tdb_title tdi_7 tdb-page-title td-pb-border-top td_block_template_1\"  data-td-block-uid=\"tdi_7\" >\n<style>\n\/* custom css - generated by TagDiv Composer *\/\n.tdb_title{\r\n                  margin-bottom: 19px;\r\n                }.tdb_title.tdb-content-horiz-center{\r\n                  text-align: center;\r\n                }.tdb_title.tdb-content-horiz-center .tdb-title-line{\r\n                  margin: 0 auto;\r\n                }.tdb_title.tdb-content-horiz-right{\r\n                  text-align: right;\r\n                }.tdb_title.tdb-content-horiz-right .tdb-title-line{\r\n                  margin-left: auto;\r\n                  margin-right: 0;\r\n                }.tdb-title-text{\r\n                  display: inline-block;\r\n                  position: relative;\r\n                  margin: 0;\r\n                  word-wrap: break-word;\r\n                  font-size: 30px;\r\n                  line-height: 38px;\r\n                  font-weight: 700;\r\n                }.tdb-first-letter{\r\n                  position: absolute;\r\n                  -webkit-user-select: none;\r\n                  user-select: none;\r\n                  pointer-events: none;\r\n                  text-transform: uppercase;\r\n                  color: rgba(0, 0, 0, 0.08);\r\n                  font-size: 6em;\r\n                  font-weight: 300;\r\n                  top: 50%;\r\n                  -webkit-transform: translateY(-50%);\r\n                  transform: translateY(-50%);\r\n                  left: -0.36em;\r\n                  z-index: -1;\r\n                  -webkit-text-fill-color: initial;\r\n                }.tdb-title-line{\r\n                  display: none;\r\n                  position: relative;\r\n                }.tdb-title-line:after{\r\n                  content: '';\r\n                  width: 100%;\r\n                  position: absolute;\r\n                  background-color: var(--td_theme_color, #4db2ec);\r\n                  top: 0;\r\n                  left: 0;\r\n                  margin: auto;\r\n                }.tdi_7 .tdb-title-line:after{\r\n\t\t\t\t\theight: 2px;\r\n\t\t\t\t\r\n\t\t\t\t\tbottom: 40%;\r\n\t\t\t\t}.tdi_7 .tdb-title-line{\r\n\t\t\t\t\theight: 50px;\r\n\t\t\t\t}.td-theme-wrap .tdi_7{\r\n\t\t\t\t\ttext-align: left;\r\n\t\t\t\t}.tdi_7 .tdb-first-letter{\r\n\t\t\t\t\tleft: -0.36em;\r\n\t\t\t\t\tright: auto;\r\n\t\t\t\t}\n<\/style><div class=\"tdb-block-inner td-fix-index\"><h1 class=\"tdb-title-text\">Sample Page Title<\/h1><div><\/div><div class=\"tdb-title-line\"><\/div><\/div><\/div><div class=\"td_block_wrap td_block_text_with_title tdi_8 tagdiv-type td-pb-border-top td_block_template_1\"  data-td-block-uid=\"tdi_8\" >\n<style>\n\/* custom css - generated by TagDiv Composer *\/\n.td_block_text_with_title{\r\n                  margin-bottom: 44px;\r\n                  -webkit-transform: translateZ(0);\r\n                  transform: translateZ(0);\r\n                }.td_block_text_with_title p:last-child{\r\n                  margin-bottom: 0;\r\n                }\n<\/style><div class=\"td-block-title-wrap\"><\/div><div class=\"td_mod_wrap td-fix-index\"><h1>Qui\u00e9nes Somos<\/h1>\n<h2>Huatusco Noticias \u2013 Informaci\u00f3n Local, Estatal y Regional<\/h2>\n<p>Huatusco Noticias es un medio digital independiente dedicado a informar de manera oportuna, veraz y cercana sobre los acontecimientos m\u00e1s relevantes de Huatusco, la regi\u00f3n de las Altas Monta\u00f1as y el estado de Veracruz.<\/p>\n<p>Nuestro compromiso es mantener informada a la ciudadan\u00eda a trav\u00e9s de una cobertura period\u00edstica responsable, objetiva y enfocada en los temas de inter\u00e9s social, seguridad, pol\u00edtica, cultura, deportes, educaci\u00f3n y acontecimientos comunitarios.<\/p>\n<p>A lo largo de los a\u00f1os, Huatusco Noticias se ha consolidado como uno de los medios digitales con mayor alcance en la regi\u00f3n, llevando informaci\u00f3n diaria a miles de personas dentro y fuera del estado, incluyendo a la comunidad migrante originaria de Huatusco y municipios vecinos.<\/p>\n<p>Trabajamos diariamente para brindar contenido actualizado, transmisiones en vivo, reportes ciudadanos y cobertura de eventos relevantes, siempre con el objetivo de fortalecer la comunicaci\u00f3n entre la sociedad y los hechos que impactan a nuestra comunidad.<\/p>\n<p>Creemos en el periodismo local como una herramienta fundamental para mantener informada a la poblaci\u00f3n y dar voz a los distintos sectores de la sociedad.<\/p>\n<hr \/>\n<h1>Directorio Editorial<\/h1>\n<h2>Teo Gallardo Neva<\/h2>\n<p>Director General y Fundador<\/p>\n<p>Responsable de la direcci\u00f3n editorial, cobertura informativa y desarrollo digital de Huatusco Noticias.<\/p>\n<p>\ud83d\udccd Huatusco, Veracruz<\/p>\n<p><strong>Colaboradores<\/strong>\u00a0<\/p>\n<p>Andres Cano Barojas<\/p>\n<p><em>Redacci\u00f3n y editor\u00a0<\/em><\/p>\n<p>Noe Solis\u00a0<\/p>\n<p><em>Reportero<\/em>\u00a0<\/p>\n<p>\u00a0<\/p>\n<hr \/>\n<h2>Contacto<\/h2>\n<p>\ud83d\udce7 <a href=\"huatusconoticias@gmail.com\">c<\/a>ontacto@huatusconoticias.com<br \/>\ud83c\udf10 <a href=\"http:\/\/www.huatusconoticias.com\/\">www.huatusconoticias.com<\/a><\/p>\n<p>Gracias por formar parte de Huatusco Noticias, un espacio creado para mantener informada a nuestra comunidad.<\/p>\n<\/div><\/div><\/div><\/div><\/div><\/div><\/div><\/div>\n\n\n<p><\/p>\n","protected":false},"excerpt":{"rendered":"","protected":false},"author":1,"featured_media":0,"parent":0,"menu_order":0,"comment_status":"closed","ping_status":"closed","template":"","meta":{"om_disable_all_campaigns":false,"_monsterinsights_skip_tracking":false,"_monsterinsights_sitenote_active":false,"_monsterinsights_sitenote_note":"","_monsterinsights_sitenote_category":0,"footnotes":""},"class_list":["post-391","page","type-page","status-publish"],"aioseo_notices":[],"_links":{"self":[{"href":"https:\/\/huatusconoticias.com\/portal\/wp-json\/wp\/v2\/pages\/391","targetHints":{"allow":["GET"]}}],"collection":[{"href":"https:\/\/huatusconoticias.com\/portal\/wp-json\/wp\/v2\/pages"}],"about":[{"href":"https:\/\/huatusconoticias.com\/portal\/wp-json\/wp\/v2\/types\/page"}],"author":[{"embeddable":true,"href":"https:\/\/huatusconoticias.com\/portal\/wp-json\/wp\/v2\/users\/1"}],"replies":[{"embeddable":true,"href":"https:\/\/huatusconoticias.com\/portal\/wp-json\/wp\/v2\/comments?post=391"}],"version-history":[{"count":6,"href":"https:\/\/huatusconoticias.com\/portal\/wp-json\/wp\/v2\/pages\/391\/revisions"}],"predecessor-version":[{"id":6057,"href":"https:\/\/huatusconoticias.com\/portal\/wp-json\/wp\/v2\/pages\/391\/revisions\/6057"}],"wp:attachment":[{"href":"https:\/\/huatusconoticias.com\/portal\/wp-json\/wp\/v2\/media?parent=391"}],"curies":[{"name":"wp","href":"https:\/\/api.w.org\/{rel}","templated":true}]}}